{"id":380,"date":"2021-03-25T11:09:07","date_gmt":"2021-03-25T11:09:07","guid":{"rendered":"https:\/\/www.parroquiasantamariaoliva.com\/politica-de-privacidad\/"},"modified":"2021-03-26T08:15:23","modified_gmt":"2021-03-26T08:15:23","slug":"politica-de-privacidad","status":"publish","type":"page","link":"https:\/\/www.parroquiasantamariaoliva.com\/es\/politica-de-privacidad\/","title":{"rendered":"Pol\u00edtica de Privacidad"},"content":{"rendered":"<p>A Efecto de que prev\u00e9 la Ley Org\u00e1nica 15\/1999, de 13 de diciembre, de protecci\u00f3n datos de car\u00e1cter personal y el Reglamento General de Protecci\u00f3n de Datos de la Uni\u00f3n Europea 2016\/679 de 27 de abril de 2016, PARROQUIA ASUNCI\u00d3N DE lA Virgen, Santa Mar\u00eda la Mayor con CIF R4600736E, de ahora adelante PARROQUIA ASUNCI\u00d3N dE la Virgen, Santa Mar\u00eda la Mayor informa al Usuario de la existencia de el Tratamiento de los datos de car\u00e1cter personal con la Finalidad de realizar la gesti\u00f3n de la relaci\u00f3 con los Usuarios, clientes y potenciales para informaci\u00f3n de servicios y noticias.<br \/>\n<strong>ENV\u00cdO Y REGISTRO DE DATOS DE CAR\u00c1CTER PERSONAL<\/strong><\/p>\n<p>El env\u00edo de datos de car\u00e1cter personal es obligatorio para contactar y recibir informaci\u00f3n sobre los productos y servicios de PARROQUIA ASUNCI\u00d3N DE NUESTRA SE\u00d1ORA, SANTA MARIA LA MAYOR, debiendo suscribir expresamente en nuestra newsletter si quiere que le mantengamos informado peri\u00f3dicamente de todos los productos y novedades.<\/p>\n<p>El no facilitar los datos personales solicitados o el no aceptar la presente pol\u00edtica de protecci\u00f3n de datos supone la imposibilidad de suscribirse, registrarse o recibir informaci\u00f3n de los productos y servicios de PARROQUIA ASUNCI\u00d3N DE NUESTRA SE\u00d1ORA, SANTA MARIA LA MAYOR<\/p>\n<p>De acuerdo con lo establecido en la Ley Org\u00e1nica 15\/1999, de 13 de diciembre, de protecci\u00f3n de datos de car\u00e1cter personal, y Reglamento General de Protecci\u00f3n de Datos de la Uni\u00f3n Europea 2016\/679 de 27 de abril de 2016 relativo a la protecci\u00f3n de las personas f\u00edsicas con respecto a el tratamiento de datos personales ya la libre circulaci\u00f3n de estos datos le informamos que los datos personales que se obtengan como consecuencia de su env\u00edo de datos personales, ser\u00e1n objeto de tratamiento por PARROQUIA ASUNCI\u00d3N dE NUESTRA SE\u00d1ORA, SANTA MARIA LA MAYOR con domicilio en Plaza iglesia Oliva 46780 (Valencia), teniendo implementadas todas las medidas de seguridad establecidas en el Real Decreto 1720\/2007.<\/p>\n<p><strong>Exactitud y veracidad de los datos facilitados<\/strong><\/p>\n<p>Usuario que env\u00eda la informaci\u00f3n a PARROQUIA ASUNCI\u00d3N DE NUESTRA SE\u00d1ORA, SANTA MARIA LA MAYOR es el \u00fanico responsable de la veracidad y correcci\u00f3n de los datos incluidos, exonerando PARROQUIA ASUNCI\u00d3N DE NUESTRA SE\u00d1ORA, SANTA MARIA LA MAYOR de cualquier responsabilidad al respecto .<\/p>\n<p>Los usuarios garantizan y responden, en cualquier caso, de la exactitud, vigencia y autenticidad de los datos personales facilitados, y se comprometen a mantenerlos debidamente actualizados.<\/p>\n<p>El usuario acepta proporcionar informaci\u00f3n completa y correcta en el formulario de registro o suscripci\u00f3n.<\/p>\n<p>PARROQUIA ASUNCI\u00d3N DE NUESTRA SE\u00d1ORA, SANTA MARIA LA MAYOR no responde de la veracidad de las informaciones que no sean de elaboraci\u00f3n propia y de las que se indique otra fuente, por lo que tampoco asume responsabilidad alguna en cuanto a hipot\u00e9ticos perjuicios que pudieran originarse por el uso de esta informaci\u00f3n.<\/p>\n<p>Se exonera PARROQUIA ASUNCI\u00d3N DE NUESTRA SE\u00d1ORA, SANTA MARIA LA MAYOR de responsabilidad ante cualquier da\u00f1o o perjuicio que pudiera sufrir el Usuario como consecuencia de errores, defectos u omisiones, en la informaci\u00f3n facilitada por PARROQUIA ASUNCI\u00d3N DE NUESTRA SE\u00d1ORA, SANTA MARIA LA MAYOR siempre que proceda de fuentes ajenas a pARROQUIA ASUNCI\u00d3N dE NUESTRA SE\u00d1ORA, SANTA MARIA LA MAYOR<\/p>\n<p><strong>finalidades<\/strong><br \/>\nLas finalidades de la recogida de datos son: el desarrollo de actividades y prestaci\u00f3n de informaci\u00f3n sobre servicios y posterior puesta en contacto con el usuario de PARROQUIA ASUNCI\u00d3N DE NUESTRA SE\u00d1ORA, SANTA MARIA LA MAYOR<\/p>\n<p><strong>Cesi\u00f3n de datos a terceros<\/strong><\/p>\n<p>PARROQUIA ASUNCI\u00d3N DE NUESTRA SE\u00d1ORA, SANTA MARIA LA MAYOR no realizar\u00e1 cesi\u00f3n de los datos de los usuarios a terceros. No obstante, en el caso de ser cedidos a alguna empresa se producir\u00eda una informaci\u00f3n previa a la recogida solicitando el consentimiento expreso del afectado.<\/p>\n<p>Ejercicio de derechos de acceso, rectificaci\u00f3n, supresi\u00f3n y oposici\u00f3n, limitaci\u00f3n del tratamiento, portabilidad de datos (art. 15, 16, 17, 18, 19, 20, 21, 22 Y 23 RGPD)<\/p>\n<p>Podr\u00e1 dirigir sus comunicaciones, revocar el consentimiento prestado y ejercer el derecho de acceso a sus datos personales obteniendo copia de los mismos. El derecho de rectificaci\u00f3n de datos inexactos o incompletos. El derecho de supresi\u00f3n de sus datos personales. El derecho de retirada de sus datos personales de su p\u00e1gina web. El derecho de oposici\u00f3n a el tratamiento de sus datos personales. El derecho de limitaci\u00f3n del tratamiento de sus datos personales. Y el derecho a la portabilidad de sus datos personales automatizados por correo: dirigido a PARROQUIA ASUNCI\u00d3N DE NUESTRA SE\u00d1ORA, SANTA MARIA LA MAYOR, Plaza iglesia s \/ n Oliva 46780 (Valencia). Para ejercer estos derechos y en cumplimiento de la Instrucci\u00f3n 1\/1998, de 19 de enero, de la Agencia Espa\u00f1ola de Protecci\u00f3n de Datos, es necesario que usted acredite su personalidad frente PARROQUIA ASUNCI\u00d3N DE NUESTRA SE\u00d1ORA, SANTA MARIA LA MAYOR mediante la env\u00edo de fotocopia de Documento Nacional de identidad o cualquier otro medio v\u00e1lido en Derecho. Los interesados \u200b\u200btienen derecho a reclamar ante la autoridad de control<\/p>\n<p><strong>PLAZO DE CONSERVACI\u00d3N DE LOS DATOS<\/strong><\/p>\n<p>Los datos personales del Usuario ser\u00e1n tratados de forma activa mientras tenga la condici\u00f3n de Usuario del www.parroquiasantamariaoliva.com; es decir, mientras no revoque su consentimiento o no ejerza su derecho de cancelaci\u00f3n, supresi\u00f3n u oposici\u00f3n alguna finalidad en concreto.<\/p>\n<p>En caso de revocar su consentimiento o ejercer los derechos de cancelaci\u00f3n o supresi\u00f3n, sus datos ser\u00e1n bloqueados y conservados de forma restringida a disposici\u00f3n de las autoridades competentes durante un plazo de 3 a\u00f1os para atender las posibles responsabilidades nacidas del tratamiento.<br \/>\n<strong>LEGITIMACI\u00d3N PARA EL TRATAMIENTO DE LOS DATOS<\/strong><\/p>\n<p>El registro en www.parroquiasantamariaoliva.com es libre y voluntario para el Usuario, por lo que la base legitimadora del tratamiento de sus datos personales es su consentimiento.<br \/>\n<strong>Aceptaci\u00f3n y Consentimiento<\/strong><\/p>\n<p>El uso de la web le otorga la condici\u00f3n de usuario de la misma (en adelante, el &#8220;Usuario&#8221;), e implica la aceptaci\u00f3n plena y sin reservas de todas y cada una de las disposiciones incluidas en las condiciones sobre protecci\u00f3n de datos de car\u00e1cter personal, aceptando y consintiendo el tratamiento de los mismos por parte de www.parroquiasantamariaoliva.com, en la forma y para las finalidades indicadas en la presente Pol\u00edtica de Protecci\u00f3n de datos Personales, en la versi\u00f3n publicada por la &#8220;web&#8221;, en el momento mismo en que el Usuario acceda a la misma. Como consecuencia, es deber del Usuario leer detenidamente el presente aviso legal cada vez que utilice la web, debido a que \u00e9sta puede sufrir modificaciones.<\/p>\n<p>En relaci\u00f3n con la oferta de servicios de la sociedad de la informaci\u00f3n directamente a un ni\u00f1o, el tratamiento de los datos personales de un ni\u00f1o ser\u00e1 l\u00edcito cuando \u00e9ste tenga al menos 16 a\u00f1os de edad. Cuando el ni\u00f1o sea menor de 16 a\u00f1os, este tratamiento s\u00f3lo ser\u00e1 legal si el titular de la responsabilidad parental sobre el ni\u00f1o da o autoriza su consentimiento, y en la medida que lo d\u00e9 o autorice. En cuanto a el l\u00edmite de edad del consentimiento v\u00e1lido, se ofrece flexibilidad, los Estados miembros pueden establecer por ley una edad no inferior a los 13 a\u00f1os.<\/p>\n<p><strong>Medidas de seguridad INFORM\u00c1TICA<\/strong><\/p>\n<p>PARROQUIA ASUNCI\u00d3N DE NUESTRA SE\u00d1ORA, SANTA MARIA LA MAYOR ha adoptado los niveles de seguridad de protecci\u00f3n de los Datos Personales legalmente requeridos y recogidos en el RD 1720\/2007. Sin embargo, disponemos de otros medios adicionales, como son firewalls de \u00faltima generaci\u00f3n, adem\u00e1s de medidas t\u00e9cnicas como software para la encriptaci\u00f3n de la informaci\u00f3n confidencial y control de acceso a la informaci\u00f3n de car\u00e1cter personal, usuarios restringidos , pol\u00edticas de seguridad, usuarios y contrase\u00f1as que caducan seg\u00fan exige la LOPD, y otros sistemas orientados a evitar el mal uso, alteraci\u00f3n, acceso no autorizado y robo de los Datos Personales facilitados PARROQUIA ASUNCI\u00d3N dE NUESTRA SE\u00d1ORA, SANTA MARIA lA MAYOR.<\/p>\n<p>PARROQUIA ASUNCI\u00d3N DE NUESTRA SE\u00d1ORA, SANTA MARIA LA MAYOR no ser\u00e1 responsable de posibles da\u00f1os o perjuicios que se puedan derivar de interferencias, omisiones, interrupciones, virus inform\u00e1ticos, aver\u00edas telef\u00f3nicas o desconexiones en el funcionamiento operativo de este sistema electr\u00f3nico, motivadas por causas ajenas a pARROQUIA ASUNCI\u00d3N DE NUESTRA SE\u00d1ORA, SANTA MARIA LA MAYOR; de retrasos o bloqueos en el uso de este sistema electr\u00f3nico causados \u200b\u200bpor deficiencias o sobrecargas de l\u00edneas telef\u00f3nicas o sobrecargas en el C.P.D. (Centro de Procesos de Datos), en el sistema de Internet o en otros sistemas electr\u00f3nicos, as\u00ed como de da\u00f1os que puedan ser causados \u200b\u200bpor terceras personas mediante intromisiones ileg\u00edtimas fuera del control de PARROQUIA ASUNCI\u00d3N DE NUESTRA SE\u00d1ORA, SANTA MARIA LA MAYOR<\/p>\n","protected":false},"excerpt":{"rendered":"<p>A Efecto de que prev\u00e9 la Ley Org\u00e1nica 15\/1999, de 13 de diciembre, de protecci\u00f3n datos de car\u00e1cter personal y el Reglamento General de Protecci\u00f3n de Datos de la Uni\u00f3n Europea 2016\/679 de 27 de abril de 2016, PARROQUIA ASUNCI\u00d3N DE lA Virgen, Santa Mar\u00eda la Mayor con CIF R4600736E, de ahora adelante PARROQUIA ASUNCI\u00d3N [&hellip;]<\/p>\n","protected":false},"author":1,"featured_media":0,"parent":0,"menu_order":0,"comment_status":"closed","ping_status":"closed","template":"","meta":{"_et_pb_use_builder":"","_et_pb_old_content":"A Efecto de que prev\u00e9 la Ley Org\u00e1nica 15\/1999, de 13 de diciembre, de protecci\u00f3n datos de car\u00e1cter personal y el Reglamento General de Protecci\u00f3n de Datos de la Uni\u00f3n Europea 2016\/679 de 27 de abril de 2016, PARROQUIA ASUNCI\u00d3N DE lA Virgen, Santa Mar\u00eda la Mayor con CIF R4600736E, de ahora adelante PARROQUIA ASUNCI\u00d3N dE la Virgen, Santa Mar\u00eda la Mayor informa al Usuario de la existencia de el Tratamiento de los datos de car\u00e1cter personal con la Finalidad de realizar la gesti\u00f3n de la relaci\u00f3 con los Usuarios, clientes y potenciales para informaci\u00f3n de servicios y noticias.\r\n<strong>NV\u00cdO Y REGISTRO DE DATOS DE CAR\u00c1CTER PERSONAL<\/strong>\r\n\r\nEl env\u00edo de datos de car\u00e1cter personal es obligatorio para contactar y recibir informaci\u00f3n sobre los productos y servicios de PARROQUIA ASUNCI\u00d3N DE NUESTRA SE\u00d1ORA, SANTA MARIA LA MAYOR, debiendo suscribir expresamente en nuestra newsletter si quiere que le mantengamos informado peri\u00f3dicamente de todos los productos y novedades.\r\n\r\nEl no facilitar los datos personales solicitados o el no aceptar la presente pol\u00edtica de protecci\u00f3n de datos supone la imposibilidad de suscribirse, registrarse o recibir informaci\u00f3n de los productos y servicios de PARROQUIA ASUNCI\u00d3N DE NUESTRA SE\u00d1ORA, SANTA MARIA LA MAYOR\r\n\r\nDe acuerdo con lo establecido en la Ley Org\u00e1nica 15\/1999, de 13 de diciembre, de protecci\u00f3n de datos de car\u00e1cter personal, y Reglamento General de Protecci\u00f3n de Datos de la Uni\u00f3n Europea 2016\/679 de 27 de abril de 2016 relativo a la protecci\u00f3n de las personas f\u00edsicas con respecto a el tratamiento de datos personales ya la libre circulaci\u00f3n de estos datos le informamos que los datos personales que se obtengan como consecuencia de su env\u00edo de datos personales, ser\u00e1n objeto de tratamiento por PARROQUIA ASUNCI\u00d3N dE NUESTRA SE\u00d1ORA, SANTA MARIA LA MAYOR con domicilio en Plaza iglesia Oliva 46780 (Valencia), teniendo implementadas todas las medidas de seguridad establecidas en el Real Decreto 1720\/2007.\r\n\r\n<strong>Exactitud y veracidad de los datos facilitados<\/strong>\r\n\r\nUsuario que env\u00eda la informaci\u00f3n a PARROQUIA ASUNCI\u00d3N DE NUESTRA SE\u00d1ORA, SANTA MARIA LA MAYOR es el \u00fanico responsable de la veracidad y correcci\u00f3n de los datos incluidos, exonerando PARROQUIA ASUNCI\u00d3N DE NUESTRA SE\u00d1ORA, SANTA MARIA LA MAYOR de cualquier responsabilidad al respecto .\r\n\r\nLos usuarios garantizan y responden, en cualquier caso, de la exactitud, vigencia y autenticidad de los datos personales facilitados, y se comprometen a mantenerlos debidamente actualizados.\r\n\r\nEl usuario acepta proporcionar informaci\u00f3n completa y correcta en el formulario de registro o suscripci\u00f3n.\r\n\r\nPARROQUIA ASUNCI\u00d3N DE NUESTRA SE\u00d1ORA, SANTA MARIA LA MAYOR no responde de la veracidad de las informaciones que no sean de elaboraci\u00f3n propia y de las que se indique otra fuente, por lo que tampoco asume responsabilidad alguna en cuanto a hipot\u00e9ticos perjuicios que pudieran originarse por el uso de esta informaci\u00f3n.\r\n\r\nSe exonera PARROQUIA ASUNCI\u00d3N DE NUESTRA SE\u00d1ORA, SANTA MARIA LA MAYOR de responsabilidad ante cualquier da\u00f1o o perjuicio que pudiera sufrir el Usuario como consecuencia de errores, defectos u omisiones, en la informaci\u00f3n facilitada por PARROQUIA ASUNCI\u00d3N DE NUESTRA SE\u00d1ORA, SANTA MARIA LA MAYOR siempre que proceda de fuentes ajenas a pARROQUIA ASUNCI\u00d3N dE NUESTRA SE\u00d1ORA, SANTA MARIA LA MAYOR\r\n\r\n<strong>finalidades<\/strong>\r\nLas finalidades de la recogida de datos son: el desarrollo de actividades y prestaci\u00f3n de informaci\u00f3n sobre servicios y posterior puesta en contacto con el usuario de PARROQUIA ASUNCI\u00d3N DE NUESTRA SE\u00d1ORA, SANTA MARIA LA MAYOR\r\n\r\n<strong>Cesi\u00f3n de datos a terceros<\/strong>\r\n\r\nPARROQUIA ASUNCI\u00d3N DE NUESTRA SE\u00d1ORA, SANTA MARIA LA MAYOR no realizar\u00e1 cesi\u00f3n de los datos de los usuarios a terceros. No obstante, en el caso de ser cedidos a alguna empresa se producir\u00eda una informaci\u00f3n previa a la recogida solicitando el consentimiento expreso del afectado.\r\n\r\nEjercicio de derechos de acceso, rectificaci\u00f3n, supresi\u00f3n y oposici\u00f3n, limitaci\u00f3n del tratamiento, portabilidad de datos (art. 15, 16, 17, 18, 19, 20, 21, 22 Y 23 RGPD)\r\n\r\nPodr\u00e1 dirigir sus comunicaciones, revocar el consentimiento prestado y ejercer el derecho de acceso a sus datos personales obteniendo copia de los mismos. El derecho de rectificaci\u00f3n de datos inexactos o incompletos. El derecho de supresi\u00f3n de sus datos personales. El derecho de retirada de sus datos personales de su p\u00e1gina web. El derecho de oposici\u00f3n a el tratamiento de sus datos personales. El derecho de limitaci\u00f3n del tratamiento de sus datos personales. Y el derecho a la portabilidad de sus datos personales automatizados por correo: dirigido a PARROQUIA ASUNCI\u00d3N DE NUESTRA SE\u00d1ORA, SANTA MARIA LA MAYOR, Plaza iglesia s \/ n Oliva 46780 (Valencia). Para ejercer estos derechos y en cumplimiento de la Instrucci\u00f3n 1\/1998, de 19 de enero, de la Agencia Espa\u00f1ola de Protecci\u00f3n de Datos, es necesario que usted acredite su personalidad frente PARROQUIA ASUNCI\u00d3N DE NUESTRA SE\u00d1ORA, SANTA MARIA LA MAYOR mediante la env\u00edo de fotocopia de Documento Nacional de identidad o cualquier otro medio v\u00e1lido en Derecho. Los interesados \u200b\u200btienen derecho a reclamar ante la autoridad de control\r\n\r\n<strong>PLAZO DE CONSERVACI\u00d3N DE LOS DATOS<\/strong>\r\n\r\nLos datos personales del Usuario ser\u00e1n tratados de forma activa mientras tenga la condici\u00f3n de Usuario del www.parroquiasantamariaoliva.com; es decir, mientras no revoque su consentimiento o no ejerza su derecho de cancelaci\u00f3n, supresi\u00f3n u oposici\u00f3n alguna finalidad en concreto.\r\n\r\nEn caso de revocar su consentimiento o ejercer los derechos de cancelaci\u00f3n o supresi\u00f3n, sus datos ser\u00e1n bloqueados y conservados de forma restringida a disposici\u00f3n de las autoridades competentes durante un plazo de 3 a\u00f1os para atender las posibles responsabilidades nacidas del tratamiento.\r\n<strong>LEGITIMACI\u00d3N PARA EL TRATAMIENTO DE LOS DATOS<\/strong>\r\n\r\nEl registro en www.parroquiasantamariaoliva.com es libre y voluntario para el Usuario, por lo que la base legitimadora del tratamiento de sus datos personales es su consentimiento.\r\n<strong>Aceptaci\u00f3n y Consentimiento<\/strong>\r\n\r\nEl uso de la web le otorga la condici\u00f3n de usuario de la misma (en adelante, el \"Usuario\"), e implica la aceptaci\u00f3n plena y sin reservas de todas y cada una de las disposiciones incluidas en las condiciones sobre protecci\u00f3n de datos de car\u00e1cter personal, aceptando y consintiendo el tratamiento de los mismos por parte de www.parroquiasantamariaoliva.com, en la forma y para las finalidades indicadas en la presente Pol\u00edtica de Protecci\u00f3n de datos Personales, en la versi\u00f3n publicada por la \"web\", en el momento mismo en que el Usuario acceda a la misma. Como consecuencia, es deber del Usuario leer detenidamente el presente aviso legal cada vez que utilice la web, debido a que \u00e9sta puede sufrir modificaciones.\r\n\r\nEn relaci\u00f3n con la oferta de servicios de la sociedad de la informaci\u00f3n directamente a un ni\u00f1o, el tratamiento de los datos personales de un ni\u00f1o ser\u00e1 l\u00edcito cuando \u00e9ste tenga al menos 16 a\u00f1os de edad. Cuando el ni\u00f1o sea menor de 16 a\u00f1os, este tratamiento s\u00f3lo ser\u00e1 legal si el titular de la responsabilidad parental sobre el ni\u00f1o da o autoriza su consentimiento, y en la medida que lo d\u00e9 o autorice. En cuanto a el l\u00edmite de edad del consentimiento v\u00e1lido, se ofrece flexibilidad, los Estados miembros pueden establecer por ley una edad no inferior a los 13 a\u00f1os.\r\n\r\n<strong>Medidas de seguridad INFORM\u00c1TICA<\/strong>\r\n\r\nPARROQUIA ASUNCI\u00d3N DE NUESTRA SE\u00d1ORA, SANTA MARIA LA MAYOR ha adoptado los niveles de seguridad de protecci\u00f3n de los Datos Personales legalmente requeridos y recogidos en el RD 1720\/2007. Sin embargo, disponemos de otros medios adicionales, como son firewalls de \u00faltima generaci\u00f3n, adem\u00e1s de medidas t\u00e9cnicas como software para la encriptaci\u00f3n de la informaci\u00f3n confidencial y control de acceso a la informaci\u00f3n de car\u00e1cter personal, usuarios restringidos , pol\u00edticas de seguridad, usuarios y contrase\u00f1as que caducan seg\u00fan exige la LOPD, y otros sistemas orientados a evitar el mal uso, alteraci\u00f3n, acceso no autorizado y robo de los Datos Personales facilitados PARROQUIA ASUNCI\u00d3N dE NUESTRA SE\u00d1ORA, SANTA MARIA lA MAYOR.\r\n\r\nPARROQUIA ASUNCI\u00d3N DE NUESTRA SE\u00d1ORA, SANTA MARIA LA MAYOR no ser\u00e1 responsable de posibles da\u00f1os o perjuicios que se puedan derivar de interferencias, omisiones, interrupciones, virus inform\u00e1ticos, aver\u00edas telef\u00f3nicas o desconexiones en el funcionamiento operativo de este sistema electr\u00f3nico, motivadas por causas ajenas a pARROQUIA ASUNCI\u00d3N DE NUESTRA SE\u00d1ORA, SANTA MARIA LA MAYOR; de retrasos o bloqueos en el uso de este sistema electr\u00f3nico causados \u200b\u200bpor deficiencias o sobrecargas de l\u00edneas telef\u00f3nicas o sobrecargas en el C.P.D. (Centro de Procesos de Datos), en el sistema de Internet o en otros sistemas electr\u00f3nicos, as\u00ed como de da\u00f1os que puedan ser causados \u200b\u200bpor terceras personas mediante intromisiones ileg\u00edtimas fuera del control de PARROQUIA ASUNCI\u00d3N DE NUESTRA SE\u00d1ORA, SANTA MARIA LA MAYOR","_et_gb_content_width":""},"_links":{"self":[{"href":"https:\/\/www.parroquiasantamariaoliva.com\/es\/wp-json\/wp\/v2\/pages\/380"}],"collection":[{"href":"https:\/\/www.parroquiasantamariaoliva.com\/es\/wp-json\/wp\/v2\/pages"}],"about":[{"href":"https:\/\/www.parroquiasantamariaoliva.com\/es\/wp-json\/wp\/v2\/types\/page"}],"author":[{"embeddable":true,"href":"https:\/\/www.parroquiasantamariaoliva.com\/es\/wp-json\/wp\/v2\/users\/1"}],"replies":[{"embeddable":true,"href":"https:\/\/www.parroquiasantamariaoliva.com\/es\/wp-json\/wp\/v2\/comments?post=380"}],"version-history":[{"count":3,"href":"https:\/\/www.parroquiasantamariaoliva.com\/es\/wp-json\/wp\/v2\/pages\/380\/revisions"}],"predecessor-version":[{"id":395,"href":"https:\/\/www.parroquiasantamariaoliva.com\/es\/wp-json\/wp\/v2\/pages\/380\/revisions\/395"}],"wp:attachment":[{"href":"https:\/\/www.parroquiasantamariaoliva.com\/es\/wp-json\/wp\/v2\/media?parent=380"}],"curies":[{"name":"wp","href":"https:\/\/api.w.org\/{rel}","templated":true}]}}